{"id":1885,"date":"2023-01-13T04:08:44","date_gmt":"2023-01-13T03:08:44","guid":{"rendered":"https:\/\/davidberaha.com\/?page_id=1885"},"modified":"2024-08-13T15:48:25","modified_gmt":"2024-08-13T13:48:25","slug":"kultur-und-sozialanthropologie","status":"publish","type":"page","link":"https:\/\/davidberaha.com\/en\/wissenschaft\/kultur-und-sozialanthropologie","title":{"rendered":"Social and Cultural Anthropology."},"content":{"rendered":"<div data-elementor-type=\"wp-page\" data-elementor-id=\"1885\" class=\"elementor elementor-1885\">\n\t\t\t\t\t\t\t\t\t<section class=\"elementor-section elementor-top-section elementor-element elementor-element-7b2e8fd9 elementor-section-height-min-height elementor-section-boxed elementor-section-height-default elementor-section-items-middle\" data-id=\"7b2e8fd9\" data-element_type=\"section\" data-settings=\"{&quot;background_background&quot;:&quot;classic&quot;}\">\n\t\t\t\t\t\t<div class=\"elementor-container elementor-column-gap-default\">\n\t\t\t\t\t<div class=\"elementor-column elementor-col-100 elementor-top-column elementor-element elementor-element-26f86051\" data-id=\"26f86051\" data-element_type=\"column\">\n\t\t\t<div class=\"elementor-widget-wrap elementor-element-populated\">\n\t\t\t\t\t\t\t\t<div class=\"elementor-element elementor-element-16deec24 elementor-widget elementor-widget-heading\" data-id=\"16deec24\" data-element_type=\"widget\" data-widget_type=\"heading.default\">\n\t\t\t\t<div class=\"elementor-widget-container\">\n\t\t\t<style>\/*! elementor - v3.18.0 - 20-12-2023 *\/\n.elementor-heading-title{padding:0;margin:0;line-height:1}.elementor-widget-heading .elementor-heading-title[class*=elementor-size-]>a{color:inherit;font-size:inherit;line-height:inherit}.elementor-widget-heading .elementor-heading-title.elementor-size-small{font-size:15px}.elementor-widget-heading .elementor-heading-title.elementor-size-medium{font-size:19px}.elementor-widget-heading .elementor-heading-title.elementor-size-large{font-size:29px}.elementor-widget-heading .elementor-heading-title.elementor-size-xl{font-size:39px}.elementor-widget-heading .elementor-heading-title.elementor-size-xxl{font-size:59px}<\/style><h1 class=\"elementor-heading-title elementor-size-default\">Social and Cultural<wbr>Anthropology<\/h1>\t\t<\/div>\n\t\t\t\t<\/div>\n\t\t\t\t\t<\/div>\n\t\t<\/div>\n\t\t\t\t\t\t\t<\/div>\n\t\t<\/section>\n\t\t\t\t<section class=\"elementor-section elementor-top-section elementor-element elementor-element-524b85a9 elementor-reverse-mobile elementor-section-boxed elementor-section-height-default elementor-section-height-default\" data-id=\"524b85a9\" data-element_type=\"section\">\n\t\t\t\t\t\t<div class=\"elementor-container elementor-column-gap-default\">\n\t\t\t\t\t<div class=\"elementor-column elementor-col-100 elementor-top-column elementor-element elementor-element-3434768a\" data-id=\"3434768a\" data-element_type=\"column\">\n\t\t\t<div class=\"elementor-widget-wrap elementor-element-populated\">\n\t\t\t\t\t\t\t\t<div class=\"elementor-element elementor-element-476897f5 elementor-widget elementor-widget-heading\" data-id=\"476897f5\" data-element_type=\"widget\" data-widget_type=\"heading.default\">\n\t\t\t\t<div class=\"elementor-widget-container\">\n\t\t\t<h3 class=\"elementor-heading-title elementor-size-default\">Social and Cultural Anthropology.<\/h3>\t\t<\/div>\n\t\t\t\t<\/div>\n\t\t\t\t<div class=\"elementor-element elementor-element-2f998fd9 elementor-widget elementor-widget-text-editor\" data-id=\"2f998fd9\" data-element_type=\"widget\" data-widget_type=\"text-editor.default\">\n\t\t\t\t<div class=\"elementor-widget-container\">\n\t\t\t<style>\/*! elementor - v3.18.0 - 20-12-2023 *\/\n.elementor-widget-text-editor.elementor-drop-cap-view-stacked .elementor-drop-cap{background-color:#69727d;color:#fff}.elementor-widget-text-editor.elementor-drop-cap-view-framed .elementor-drop-cap{color:#69727d;border:3px solid;background-color:transparent}.elementor-widget-text-editor:not(.elementor-drop-cap-view-default) .elementor-drop-cap{margin-top:8px}.elementor-widget-text-editor:not(.elementor-drop-cap-view-default) .elementor-drop-cap-letter{width:1em;height:1em}.elementor-widget-text-editor .elementor-drop-cap{float:left;text-align:center;line-height:1;font-size:50px}.elementor-widget-text-editor .elementor-drop-cap-letter{display:inline-block}<\/style>\t\t\t\t<p>What is Social and Cultural Anthropology?<br \/>In a globally connected world, social and cultural anthropology has set itself the task of understanding human action in all its complexity. An approach to different walks of life and their connectedness forms the starting point for the investigation of social and cultural diversity.<\/p>\t\t\t\t\t\t<\/div>\n\t\t\t\t<\/div>\n\t\t\t\t\t<\/div>\n\t\t<\/div>\n\t\t\t\t\t\t\t<\/div>\n\t\t<\/section>\n\t\t\t\t<section class=\"elementor-section elementor-top-section elementor-element elementor-element-c7db4f3 elementor-section-boxed elementor-section-height-default elementor-section-height-default\" data-id=\"c7db4f3\" data-element_type=\"section\">\n\t\t\t\t\t\t<div class=\"elementor-container elementor-column-gap-default\">\n\t\t\t\t\t<div class=\"elementor-column elementor-col-50 elementor-top-column elementor-element elementor-element-6cf49b13\" data-id=\"6cf49b13\" data-element_type=\"column\">\n\t\t\t<div class=\"elementor-widget-wrap elementor-element-populated\">\n\t\t\t\t\t\t\t\t<div class=\"elementor-element elementor-element-4dcd7f69 elementor-widget elementor-widget-image\" data-id=\"4dcd7f69\" data-element_type=\"widget\" data-widget_type=\"image.default\">\n\t\t\t\t<div class=\"elementor-widget-container\">\n\t\t\t<style>\/*! elementor - v3.18.0 - 20-12-2023 *\/\n.elementor-widget-image{text-align:center}.elementor-widget-image a{display:inline-block}.elementor-widget-image a img[src$=\".svg\"]{width:48px}.elementor-widget-image img{vertical-align:middle;display:inline-block}<\/style>\t\t\t\t\t\t\t\t\t\t\t\t<img fetchpriority=\"high\" decoding=\"async\" width=\"670\" height=\"930\" src=\"https:\/\/davidberaha.com\/wp-content\/uploads\/2023\/01\/KSA-Master-Deckblatt.png\" class=\"attachment-large size-large wp-image-2195\" alt=\"\" srcset=\"https:\/\/davidberaha.com\/wp-content\/uploads\/2023\/01\/KSA-Master-Deckblatt.png 670w, https:\/\/davidberaha.com\/wp-content\/uploads\/2023\/01\/KSA-Master-Deckblatt-216x300.png 216w\" sizes=\"(max-width: 670px) 100vw, 670px\" \/>\t\t\t\t\t\t\t\t\t\t\t\t\t\t\t<\/div>\n\t\t\t\t<\/div>\n\t\t\t\t\t<\/div>\n\t\t<\/div>\n\t\t\t\t<div class=\"elementor-column elementor-col-50 elementor-top-column elementor-element elementor-element-639fe365\" data-id=\"639fe365\" data-element_type=\"column\">\n\t\t\t<div class=\"elementor-widget-wrap elementor-element-populated\">\n\t\t\t\t\t\t\t\t<div class=\"elementor-element elementor-element-5ef39873 elementor-widget elementor-widget-heading\" data-id=\"5ef39873\" data-element_type=\"widget\" data-widget_type=\"heading.default\">\n\t\t\t\t<div class=\"elementor-widget-container\">\n\t\t\t<h3 class=\"elementor-heading-title elementor-size-default\">Master's Thesis<\/h3>\t\t<\/div>\n\t\t\t\t<\/div>\n\t\t\t\t<div class=\"elementor-element elementor-element-2e2897c9 elementor-widget elementor-widget-text-editor\" data-id=\"2e2897c9\" data-element_type=\"widget\" data-widget_type=\"text-editor.default\">\n\t\t\t\t<div class=\"elementor-widget-container\">\n\t\t\t\t\t\t\t<strong>\u201eCulture at large:\nThe fundamental (f)laws of evolutionary psychology\u201c<\/strong>\n<br>\n<br>\nEvolutionary psychology explains proximate causes\nby a reference to final causes hypothetical, which can only be empirically verified in hindsight and are oftentimes based on observations of animal behavior\nrelate. Consequently, any observed trait or social interaction can be arbitrary and\ntheoretically be attributed to the effects of an evolutionary adaptation of our ancestors. This supposedly led to\nto the fact that specific modules have emerged in the brain, which the psyche in a more\nor react in a less ready-made way to external and internal stimuli. This semi-scientific modus operandi implies criticism from diverse scientific fields.\n\t\t\t\t\t\t<\/div>\n\t\t\t\t<\/div>\n\t\t\t\t<div class=\"elementor-element elementor-element-208fde99 elementor-widget elementor-widget-button\" data-id=\"208fde99\" data-element_type=\"widget\" data-widget_type=\"button.default\">\n\t\t\t\t<div class=\"elementor-widget-container\">\n\t\t\t\t\t<div class=\"elementor-button-wrapper\">\n\t\t\t<a class=\"elementor-button elementor-button-link elementor-size-sm\" href=\"https:\/\/utheses.univie.ac.at\/detail\/35853\">\n\t\t\t\t\t\t<span class=\"elementor-button-content-wrapper\">\n\t\t\t\t\t\t<span class=\"elementor-button-text\">Download Master's Thesis<\/span>\n\t\t<\/span>\n\t\t\t\t\t<\/a>\n\t\t<\/div>\n\t\t\t\t<\/div>\n\t\t\t\t<\/div>\n\t\t\t\t\t<\/div>\n\t\t<\/div>\n\t\t\t\t\t\t\t<\/div>\n\t\t<\/section>\n\t\t\t\t<section class=\"elementor-section elementor-top-section elementor-element elementor-element-2f2a740d elementor-reverse-mobile elementor-section-boxed elementor-section-height-default elementor-section-height-default\" data-id=\"2f2a740d\" data-element_type=\"section\">\n\t\t\t\t\t\t<div class=\"elementor-container elementor-column-gap-default\">\n\t\t\t\t\t<div class=\"elementor-column elementor-col-50 elementor-top-column elementor-element elementor-element-2046eddc\" data-id=\"2046eddc\" data-element_type=\"column\">\n\t\t\t<div class=\"elementor-widget-wrap elementor-element-populated\">\n\t\t\t\t\t\t\t\t<div class=\"elementor-element elementor-element-fc7c17b elementor-widget elementor-widget-heading\" data-id=\"fc7c17b\" data-element_type=\"widget\" data-widget_type=\"heading.default\">\n\t\t\t\t<div class=\"elementor-widget-container\">\n\t\t\t<h3 class=\"elementor-heading-title elementor-size-default\"><a href=\"https:\/\/vanda.univie.ac.at\/home\/\">Vienna Anthropology Days<\/a><\/h3>\t\t<\/div>\n\t\t\t\t<\/div>\n\t\t\t\t<div class=\"elementor-element elementor-element-30132be0 elementor-widget elementor-widget-text-editor\" data-id=\"30132be0\" data-element_type=\"widget\" data-widget_type=\"text-editor.default\">\n\t\t\t\t<div class=\"elementor-widget-container\">\n\t\t\t\t\t\t\tVienna Anthropology Days \u2013 short VANDA \u2013 is a yearly, international conference, taking place in the beautiful capital of Austria. It aims to bring together scholars from various fields of anthropology, social sciences and humanities.\n<br><br>\nVANDA is a green, socially inclusive conference and offers a unique social activity program. It is hosted by the Department of Social and Cultural Anthropology of the University of Vienna.\t\t\t\t\t\t<\/div>\n\t\t\t\t<\/div>\n\t\t\t\t<div class=\"elementor-element elementor-element-46f6126b elementor-widget elementor-widget-button\" data-id=\"46f6126b\" data-element_type=\"widget\" data-widget_type=\"button.default\">\n\t\t\t\t<div class=\"elementor-widget-container\">\n\t\t\t\t\t<div class=\"elementor-button-wrapper\">\n\t\t\t<a class=\"elementor-button elementor-button-link elementor-size-sm\" href=\"https:\/\/vanda.univie.ac.at\/home\/\">\n\t\t\t\t\t\t<span class=\"elementor-button-content-wrapper\">\n\t\t\t\t\t\t<span class=\"elementor-button-text\">VANDA<\/span>\n\t\t<\/span>\n\t\t\t\t\t<\/a>\n\t\t<\/div>\n\t\t\t\t<\/div>\n\t\t\t\t<\/div>\n\t\t\t\t\t<\/div>\n\t\t<\/div>\n\t\t\t\t<div class=\"elementor-column elementor-col-50 elementor-top-column elementor-element elementor-element-6630ceea\" data-id=\"6630ceea\" data-element_type=\"column\">\n\t\t\t<div class=\"elementor-widget-wrap elementor-element-populated\">\n\t\t\t\t\t\t\t\t<div class=\"elementor-element elementor-element-4b215366 elementor-widget elementor-widget-image\" data-id=\"4b215366\" data-element_type=\"widget\" data-widget_type=\"image.default\">\n\t\t\t\t<div class=\"elementor-widget-container\">\n\t\t\t\t\t\t\t\t\t\t\t\t\t\t\t\t<a href=\"https:\/\/vanda.univie.ac.at\/home\/\">\n\t\t\t\t\t\t\t<img decoding=\"async\" width=\"532\" height=\"616\" src=\"https:\/\/davidberaha.com\/wp-content\/uploads\/2023\/01\/Logo_VANDA.jpg\" class=\"attachment-large size-large wp-image-2198\" alt=\"\" srcset=\"https:\/\/davidberaha.com\/wp-content\/uploads\/2023\/01\/Logo_VANDA.jpg 532w, https:\/\/davidberaha.com\/wp-content\/uploads\/2023\/01\/Logo_VANDA-259x300.jpg 259w\" sizes=\"(max-width: 532px) 100vw, 532px\" \/>\t\t\t\t\t\t\t\t<\/a>\n\t\t\t\t\t\t\t\t\t\t\t\t\t\t\t<\/div>\n\t\t\t\t<\/div>\n\t\t\t\t\t<\/div>\n\t\t<\/div>\n\t\t\t\t\t\t\t<\/div>\n\t\t<\/section>\n\t\t\t\t\t\t\t<\/div>","protected":false},"excerpt":{"rendered":"<p>Kultur- und Sozialanthropologie Kultur- und Sozialanthropologie Was ist Kultur- und Sozialanthropologie?In einer global vernetzten Welt macht es sich die Kultur- und Sozialanthropologie zur Aufgabe, menschliches Handeln in seiner Komplexit\u00e4t zu verstehen. Eine Ann\u00e4herung an verschiedene Lebenswelten und deren Verflechtung bildet den Ausgangspunkt f\u00fcr die Untersuchung sozialer und kultureller Diversit\u00e4t. Master These \u201eCulture at large: The &hellip;<\/p>\n<p class=\"read-more\"> <a class=\"\" href=\"https:\/\/davidberaha.com\/en\/wissenschaft\/kultur-und-sozialanthropologie\"> <span class=\"screen-reader-text\">Social and Cultural Anthropology.<\/span> Read More &raquo;<\/a><\/p>","protected":false},"author":1,"featured_media":0,"parent":1856,"menu_order":0,"comment_status":"closed","ping_status":"closed","template":"","meta":{"site-sidebar-layout":"no-sidebar","site-content-layout":"page-builder","ast-global-header-display":"","ast-main-header-display":"","ast-hfb-above-header-display":"","ast-hfb-below-header-display":"","ast-hfb-mobile-header-display":"","site-post-title":"disabled","ast-breadcrumbs-content":"","ast-featured-img":"disabled","footer-sml-layout":"","theme-transparent-header-meta":"enabled","adv-header-id-meta":"","stick-header-meta":"","header-above-stick-meta":"","header-main-stick-meta":"","header-below-stick-meta":"","footnotes":""},"class_list":["post-1885","page","type-page","status-publish","hentry"],"yoast_head":"<!-- This site is optimized with the Yoast SEO plugin v27.4 - https:\/\/yoast.com\/product\/yoast-seo-wordpress\/ -->\n<title>Kultur- und Sozialanthropologie - David Beraha<\/title>\n<meta name=\"robots\" content=\"index, follow, max-snippet:-1, max-image-preview:large, max-video-preview:-1\" \/>\n<link rel=\"canonical\" href=\"https:\/\/davidberaha.com\/en\/wissenschaft\/kultur-und-sozialanthropologie\/\" \/>\n<meta property=\"og:locale\" content=\"en_US\" \/>\n<meta property=\"og:type\" content=\"article\" \/>\n<meta property=\"og:title\" content=\"Kultur- und Sozialanthropologie - David Beraha\" \/>\n<meta property=\"og:description\" content=\"Kultur- und Sozialanthropologie Kultur- und Sozialanthropologie Was ist Kultur- und Sozialanthropologie?In einer global vernetzten Welt macht es sich die Kultur- und Sozialanthropologie zur Aufgabe, menschliches Handeln in seiner Komplexit\u00e4t zu verstehen. Eine Ann\u00e4herung an verschiedene Lebenswelten und deren Verflechtung bildet den Ausgangspunkt f\u00fcr die Untersuchung sozialer und kultureller Diversit\u00e4t. Master These \u201eCulture at large: The &hellip; Kultur- und Sozialanthropologie Read More &raquo;\" \/>\n<meta property=\"og:url\" content=\"https:\/\/davidberaha.com\/en\/wissenschaft\/kultur-und-sozialanthropologie\/\" \/>\n<meta property=\"og:site_name\" content=\"David Beraha\" \/>\n<meta property=\"article:publisher\" content=\"https:\/\/www.facebook.com\/PhunkyDee\" \/>\n<meta property=\"article:modified_time\" content=\"2024-08-13T13:48:25+00:00\" \/>\n<meta property=\"og:image\" content=\"https:\/\/davidberaha.com\/wp-content\/uploads\/2023\/01\/KSA-Master-Deckblatt.png\" \/>\n<meta name=\"twitter:card\" content=\"summary_large_image\" \/>\n<meta name=\"twitter:label1\" content=\"Est. reading time\" \/>\n\t<meta name=\"twitter:data1\" content=\"2 minutes\" \/>\n<script type=\"application\/ld+json\" class=\"yoast-schema-graph\">{\"@context\":\"https:\\\/\\\/schema.org\",\"@graph\":[{\"@type\":\"WebPage\",\"@id\":\"https:\\\/\\\/davidberaha.com\\\/wissenschaft\\\/kultur-und-sozialanthropologie\",\"url\":\"https:\\\/\\\/davidberaha.com\\\/wissenschaft\\\/kultur-und-sozialanthropologie\",\"name\":\"Kultur- und Sozialanthropologie - David Beraha\",\"isPartOf\":{\"@id\":\"https:\\\/\\\/davidberaha.com\\\/#website\"},\"primaryImageOfPage\":{\"@id\":\"https:\\\/\\\/davidberaha.com\\\/wissenschaft\\\/kultur-und-sozialanthropologie#primaryimage\"},\"image\":{\"@id\":\"https:\\\/\\\/davidberaha.com\\\/wissenschaft\\\/kultur-und-sozialanthropologie#primaryimage\"},\"thumbnailUrl\":\"https:\\\/\\\/davidberaha.com\\\/wp-content\\\/uploads\\\/2023\\\/01\\\/KSA-Master-Deckblatt.png\",\"datePublished\":\"2023-01-13T03:08:44+00:00\",\"dateModified\":\"2024-08-13T13:48:25+00:00\",\"breadcrumb\":{\"@id\":\"https:\\\/\\\/davidberaha.com\\\/wissenschaft\\\/kultur-und-sozialanthropologie#breadcrumb\"},\"inLanguage\":\"en-US\",\"potentialAction\":[{\"@type\":\"ReadAction\",\"target\":[\"https:\\\/\\\/davidberaha.com\\\/wissenschaft\\\/kultur-und-sozialanthropologie\"]}]},{\"@type\":\"ImageObject\",\"inLanguage\":\"en-US\",\"@id\":\"https:\\\/\\\/davidberaha.com\\\/wissenschaft\\\/kultur-und-sozialanthropologie#primaryimage\",\"url\":\"https:\\\/\\\/davidberaha.com\\\/wp-content\\\/uploads\\\/2023\\\/01\\\/KSA-Master-Deckblatt.png\",\"contentUrl\":\"https:\\\/\\\/davidberaha.com\\\/wp-content\\\/uploads\\\/2023\\\/01\\\/KSA-Master-Deckblatt.png\"},{\"@type\":\"BreadcrumbList\",\"@id\":\"https:\\\/\\\/davidberaha.com\\\/wissenschaft\\\/kultur-und-sozialanthropologie#breadcrumb\",\"itemListElement\":[{\"@type\":\"ListItem\",\"position\":1,\"name\":\"Startseite\",\"item\":\"https:\\\/\\\/davidberaha.com\\\/\"},{\"@type\":\"ListItem\",\"position\":2,\"name\":\"Wissenschaft\",\"item\":\"https:\\\/\\\/davidberaha.com\\\/wissenschaft\"},{\"@type\":\"ListItem\",\"position\":3,\"name\":\"Kultur- und Sozialanthropologie\"}]},{\"@type\":\"WebSite\",\"@id\":\"https:\\\/\\\/davidberaha.com\\\/#website\",\"url\":\"https:\\\/\\\/davidberaha.com\\\/\",\"name\":\"David Beraha\",\"description\":\"\",\"publisher\":{\"@id\":\"https:\\\/\\\/davidberaha.com\\\/#\\\/schema\\\/person\\\/3437f6eed119b3cb790afba7ff5dc7c1\"},\"potentialAction\":[{\"@type\":\"SearchAction\",\"target\":{\"@type\":\"EntryPoint\",\"urlTemplate\":\"https:\\\/\\\/davidberaha.com\\\/?s={search_term_string}\"},\"query-input\":{\"@type\":\"PropertyValueSpecification\",\"valueRequired\":true,\"valueName\":\"search_term_string\"}}],\"inLanguage\":\"en-US\"},{\"@type\":[\"Person\",\"Organization\"],\"@id\":\"https:\\\/\\\/davidberaha.com\\\/#\\\/schema\\\/person\\\/3437f6eed119b3cb790afba7ff5dc7c1\",\"name\":\"David\",\"image\":{\"@type\":\"ImageObject\",\"inLanguage\":\"en-US\",\"@id\":\"https:\\\/\\\/davidberaha.com\\\/wp-content\\\/uploads\\\/2023\\\/01\\\/cropped-Passfoto_20190415_WU-Wien_David-Beraha.jpg\",\"url\":\"https:\\\/\\\/davidberaha.com\\\/wp-content\\\/uploads\\\/2023\\\/01\\\/cropped-Passfoto_20190415_WU-Wien_David-Beraha.jpg\",\"contentUrl\":\"https:\\\/\\\/davidberaha.com\\\/wp-content\\\/uploads\\\/2023\\\/01\\\/cropped-Passfoto_20190415_WU-Wien_David-Beraha.jpg\",\"width\":1656,\"height\":1636,\"caption\":\"David\"},\"logo\":{\"@id\":\"https:\\\/\\\/davidberaha.com\\\/wp-content\\\/uploads\\\/2023\\\/01\\\/cropped-Passfoto_20190415_WU-Wien_David-Beraha.jpg\"},\"sameAs\":[\"https:\\\/\\\/davidberaha.com\",\"https:\\\/\\\/www.facebook.com\\\/PhunkyDee\",\"https:\\\/\\\/www.instagram.com\\\/david_beraha\\\/\",\"https:\\\/\\\/www.linkedin.com\\\/in\\\/david-beraha-1b6a09107\"]}]}<\/script>\n<!-- \/ Yoast SEO plugin. -->","yoast_head_json":{"title":"Kultur- und Sozialanthropologie - David Beraha","robots":{"index":"index","follow":"follow","max-snippet":"max-snippet:-1","max-image-preview":"max-image-preview:large","max-video-preview":"max-video-preview:-1"},"canonical":"https:\/\/davidberaha.com\/en\/wissenschaft\/kultur-und-sozialanthropologie\/","og_locale":"en_US","og_type":"article","og_title":"Kultur- und Sozialanthropologie - David Beraha","og_description":"Kultur- und Sozialanthropologie Kultur- und Sozialanthropologie Was ist Kultur- und Sozialanthropologie?In einer global vernetzten Welt macht es sich die Kultur- und Sozialanthropologie zur Aufgabe, menschliches Handeln in seiner Komplexit\u00e4t zu verstehen. Eine Ann\u00e4herung an verschiedene Lebenswelten und deren Verflechtung bildet den Ausgangspunkt f\u00fcr die Untersuchung sozialer und kultureller Diversit\u00e4t. Master These \u201eCulture at large: The &hellip; Kultur- und Sozialanthropologie Read More &raquo;","og_url":"https:\/\/davidberaha.com\/en\/wissenschaft\/kultur-und-sozialanthropologie\/","og_site_name":"David Beraha","article_publisher":"https:\/\/www.facebook.com\/PhunkyDee","article_modified_time":"2024-08-13T13:48:25+00:00","og_image":[{"url":"https:\/\/davidberaha.com\/wp-content\/uploads\/2023\/01\/KSA-Master-Deckblatt.png","type":"","width":"","height":""}],"twitter_card":"summary_large_image","twitter_misc":{"Est. reading time":"2 minutes"},"schema":{"@context":"https:\/\/schema.org","@graph":[{"@type":"WebPage","@id":"https:\/\/davidberaha.com\/wissenschaft\/kultur-und-sozialanthropologie","url":"https:\/\/davidberaha.com\/wissenschaft\/kultur-und-sozialanthropologie","name":"Kultur- und Sozialanthropologie - David Beraha","isPartOf":{"@id":"https:\/\/davidberaha.com\/#website"},"primaryImageOfPage":{"@id":"https:\/\/davidberaha.com\/wissenschaft\/kultur-und-sozialanthropologie#primaryimage"},"image":{"@id":"https:\/\/davidberaha.com\/wissenschaft\/kultur-und-sozialanthropologie#primaryimage"},"thumbnailUrl":"https:\/\/davidberaha.com\/wp-content\/uploads\/2023\/01\/KSA-Master-Deckblatt.png","datePublished":"2023-01-13T03:08:44+00:00","dateModified":"2024-08-13T13:48:25+00:00","breadcrumb":{"@id":"https:\/\/davidberaha.com\/wissenschaft\/kultur-und-sozialanthropologie#breadcrumb"},"inLanguage":"en-US","potentialAction":[{"@type":"ReadAction","target":["https:\/\/davidberaha.com\/wissenschaft\/kultur-und-sozialanthropologie"]}]},{"@type":"ImageObject","inLanguage":"en-US","@id":"https:\/\/davidberaha.com\/wissenschaft\/kultur-und-sozialanthropologie#primaryimage","url":"https:\/\/davidberaha.com\/wp-content\/uploads\/2023\/01\/KSA-Master-Deckblatt.png","contentUrl":"https:\/\/davidberaha.com\/wp-content\/uploads\/2023\/01\/KSA-Master-Deckblatt.png"},{"@type":"BreadcrumbList","@id":"https:\/\/davidberaha.com\/wissenschaft\/kultur-und-sozialanthropologie#breadcrumb","itemListElement":[{"@type":"ListItem","position":1,"name":"Startseite","item":"https:\/\/davidberaha.com\/"},{"@type":"ListItem","position":2,"name":"Wissenschaft","item":"https:\/\/davidberaha.com\/wissenschaft"},{"@type":"ListItem","position":3,"name":"Kultur- und Sozialanthropologie"}]},{"@type":"WebSite","@id":"https:\/\/davidberaha.com\/#website","url":"https:\/\/davidberaha.com\/","name":"David Beraha","description":"","publisher":{"@id":"https:\/\/davidberaha.com\/#\/schema\/person\/3437f6eed119b3cb790afba7ff5dc7c1"},"potentialAction":[{"@type":"SearchAction","target":{"@type":"EntryPoint","urlTemplate":"https:\/\/davidberaha.com\/?s={search_term_string}"},"query-input":{"@type":"PropertyValueSpecification","valueRequired":true,"valueName":"search_term_string"}}],"inLanguage":"en-US"},{"@type":["Person","Organization"],"@id":"https:\/\/davidberaha.com\/#\/schema\/person\/3437f6eed119b3cb790afba7ff5dc7c1","name":"David","image":{"@type":"ImageObject","inLanguage":"en-US","@id":"https:\/\/davidberaha.com\/wp-content\/uploads\/2023\/01\/cropped-Passfoto_20190415_WU-Wien_David-Beraha.jpg","url":"https:\/\/davidberaha.com\/wp-content\/uploads\/2023\/01\/cropped-Passfoto_20190415_WU-Wien_David-Beraha.jpg","contentUrl":"https:\/\/davidberaha.com\/wp-content\/uploads\/2023\/01\/cropped-Passfoto_20190415_WU-Wien_David-Beraha.jpg","width":1656,"height":1636,"caption":"David"},"logo":{"@id":"https:\/\/davidberaha.com\/wp-content\/uploads\/2023\/01\/cropped-Passfoto_20190415_WU-Wien_David-Beraha.jpg"},"sameAs":["https:\/\/davidberaha.com","https:\/\/www.facebook.com\/PhunkyDee","https:\/\/www.instagram.com\/david_beraha\/","https:\/\/www.linkedin.com\/in\/david-beraha-1b6a09107"]}]}},"_links":{"self":[{"href":"https:\/\/davidberaha.com\/en\/wp-json\/wp\/v2\/pages\/1885","targetHints":{"allow":["GET"]}}],"collection":[{"href":"https:\/\/davidberaha.com\/en\/wp-json\/wp\/v2\/pages"}],"about":[{"href":"https:\/\/davidberaha.com\/en\/wp-json\/wp\/v2\/types\/page"}],"author":[{"embeddable":true,"href":"https:\/\/davidberaha.com\/en\/wp-json\/wp\/v2\/users\/1"}],"replies":[{"embeddable":true,"href":"https:\/\/davidberaha.com\/en\/wp-json\/wp\/v2\/comments?post=1885"}],"version-history":[{"count":87,"href":"https:\/\/davidberaha.com\/en\/wp-json\/wp\/v2\/pages\/1885\/revisions"}],"predecessor-version":[{"id":3269,"href":"https:\/\/davidberaha.com\/en\/wp-json\/wp\/v2\/pages\/1885\/revisions\/3269"}],"up":[{"embeddable":true,"href":"https:\/\/davidberaha.com\/en\/wp-json\/wp\/v2\/pages\/1856"}],"wp:attachment":[{"href":"https:\/\/davidberaha.com\/en\/wp-json\/wp\/v2\/media?parent=1885"}],"curies":[{"name":"wp","href":"https:\/\/api.w.org\/{rel}","templated":true}]}}