{"id":1448,"date":"2022-08-25T13:27:00","date_gmt":"2022-08-25T13:27:00","guid":{"rendered":"https:\/\/davidberaha.com\/home"},"modified":"2023-02-06T11:43:35","modified_gmt":"2023-02-06T10:43:35","slug":"home","status":"publish","type":"page","link":"https:\/\/davidberaha.com\/en\/","title":{"rendered":"Home"},"content":{"rendered":"<div data-elementor-type=\"wp-page\" data-elementor-id=\"1448\" class=\"elementor elementor-1448\">\n\t\t\t\t\t\t\t\t\t<section class=\"elementor-section elementor-top-section elementor-element elementor-element-0a002a8 elementor-section-height-min-height elementor-section-items-top elementor-section-boxed elementor-section-height-default\" data-id=\"0a002a8\" data-element_type=\"section\" data-settings=\"{&quot;background_background&quot;:&quot;classic&quot;}\">\n\t\t\t\t\t\t\t<div class=\"elementor-background-overlay\"><\/div>\n\t\t\t\t\t\t\t<div class=\"elementor-container elementor-column-gap-default\">\n\t\t\t\t\t<div class=\"elementor-column elementor-col-100 elementor-top-column elementor-element elementor-element-8d46742\" data-id=\"8d46742\" data-element_type=\"column\">\n\t\t\t<div class=\"elementor-widget-wrap elementor-element-populated\">\n\t\t\t\t\t\t\t\t<div class=\"elementor-element elementor-element-7876f5c elementor-widget elementor-widget-spacer\" data-id=\"7876f5c\" data-element_type=\"widget\" data-widget_type=\"spacer.default\">\n\t\t\t\t<div class=\"elementor-widget-container\">\n\t\t\t<style>\/*! elementor - v3.18.0 - 20-12-2023 *\/\n.elementor-column .elementor-spacer-inner{height:var(--spacer-size)}.e-con{--container-widget-width:100%}.e-con-inner>.elementor-widget-spacer,.e-con>.elementor-widget-spacer{width:var(--container-widget-width,var(--spacer-size));--align-self:var(--container-widget-align-self,initial);--flex-shrink:0}.e-con-inner>.elementor-widget-spacer>.elementor-widget-container,.e-con>.elementor-widget-spacer>.elementor-widget-container{height:100%;width:100%}.e-con-inner>.elementor-widget-spacer>.elementor-widget-container>.elementor-spacer,.e-con>.elementor-widget-spacer>.elementor-widget-container>.elementor-spacer{height:100%}.e-con-inner>.elementor-widget-spacer>.elementor-widget-container>.elementor-spacer>.elementor-spacer-inner,.e-con>.elementor-widget-spacer>.elementor-widget-container>.elementor-spacer>.elementor-spacer-inner{height:var(--container-widget-height,var(--spacer-size))}.e-con-inner>.elementor-widget-spacer.elementor-widget-empty,.e-con>.elementor-widget-spacer.elementor-widget-empty{position:relative;min-height:22px;min-width:22px}.e-con-inner>.elementor-widget-spacer.elementor-widget-empty .elementor-widget-empty-icon,.e-con>.elementor-widget-spacer.elementor-widget-empty .elementor-widget-empty-icon{position:absolute;top:0;bottom:0;left:0;right:0;margin:auto;padding:0;width:22px;height:22px}<\/style>\t\t<div class=\"elementor-spacer\">\n\t\t\t<div class=\"elementor-spacer-inner\"><\/div>\n\t\t<\/div>\n\t\t\t\t<\/div>\n\t\t\t\t<\/div>\n\t\t\t\t<div class=\"elementor-element elementor-element-fbdc8cf elementor-widget elementor-widget-heading\" data-id=\"fbdc8cf\" data-element_type=\"widget\" data-widget_type=\"heading.default\">\n\t\t\t\t<div class=\"elementor-widget-container\">\n\t\t\t<style>\/*! elementor - v3.18.0 - 20-12-2023 *\/\n.elementor-heading-title{padding:0;margin:0;line-height:1}.elementor-widget-heading .elementor-heading-title[class*=elementor-size-]>a{color:inherit;font-size:inherit;line-height:inherit}.elementor-widget-heading .elementor-heading-title.elementor-size-small{font-size:15px}.elementor-widget-heading .elementor-heading-title.elementor-size-medium{font-size:19px}.elementor-widget-heading .elementor-heading-title.elementor-size-large{font-size:29px}.elementor-widget-heading .elementor-heading-title.elementor-size-xl{font-size:39px}.elementor-widget-heading .elementor-heading-title.elementor-size-xxl{font-size:59px}<\/style><h1 class=\"elementor-heading-title elementor-size-default\">David Beraha<\/h1>\t\t<\/div>\n\t\t\t\t<\/div>\n\t\t\t\t<div class=\"elementor-element elementor-element-47069c6 elementor-widget elementor-widget-heading\" data-id=\"47069c6\" data-element_type=\"widget\" data-widget_type=\"heading.default\">\n\t\t\t\t<div class=\"elementor-widget-container\">\n\t\t\t<h2 class=\"elementor-heading-title elementor-size-default\">Artist &amp; Scientist<\/h2>\t\t<\/div>\n\t\t\t\t<\/div>\n\t\t\t\t<div class=\"elementor-element elementor-element-dd8e2ac elementor-align-center elementor-widget elementor-widget-button\" data-id=\"dd8e2ac\" data-element_type=\"widget\" data-widget_type=\"button.default\">\n\t\t\t\t<div class=\"elementor-widget-container\">\n\t\t\t\t\t<div class=\"elementor-button-wrapper\">\n\t\t\t<a class=\"elementor-button elementor-button-link elementor-size-sm\" href=\"https:\/\/davidberaha.com\/en\/contact\/\">\n\t\t\t\t\t\t<span class=\"elementor-button-content-wrapper\">\n\t\t\t\t\t\t<span class=\"elementor-button-text\">Contact<\/span>\n\t\t<\/span>\n\t\t\t\t\t<\/a>\n\t\t<\/div>\n\t\t\t\t<\/div>\n\t\t\t\t<\/div>\n\t\t\t\t<div class=\"elementor-element elementor-element-2cc1209 elementor-align-center elementor-widget elementor-widget-button\" data-id=\"2cc1209\" data-element_type=\"widget\" data-widget_type=\"button.default\">\n\t\t\t\t<div class=\"elementor-widget-container\">\n\t\t\t\t\t<div class=\"elementor-button-wrapper\">\n\t\t\t<a class=\"elementor-button elementor-button-link elementor-size-sm\" href=\"https:\/\/davidberaha.com\/en\/about\/\">\n\t\t\t\t\t\t<span class=\"elementor-button-content-wrapper\">\n\t\t\t\t\t\t<span class=\"elementor-button-text\">About<\/span>\n\t\t<\/span>\n\t\t\t\t\t<\/a>\n\t\t<\/div>\n\t\t\t\t<\/div>\n\t\t\t\t<\/div>\n\t\t\t\t\t<\/div>\n\t\t<\/div>\n\t\t\t\t\t\t\t<\/div>\n\t\t<\/section>\n\t\t\t\t<section class=\"elementor-section elementor-top-section elementor-element elementor-element-aff6ae1 elementor-section-boxed elementor-section-height-default elementor-section-height-default\" data-id=\"aff6ae1\" data-element_type=\"section\">\n\t\t\t\t\t\t<div class=\"elementor-container elementor-column-gap-wide\">\n\t\t\t\t\t<div class=\"elementor-column elementor-col-25 elementor-top-column elementor-element elementor-element-9fec389\" data-id=\"9fec389\" data-element_type=\"column\">\n\t\t\t<div class=\"elementor-widget-wrap elementor-element-populated\">\n\t\t\t\t\t\t\t\t<div class=\"elementor-element elementor-element-53ab989 elementor-widget elementor-widget-image\" data-id=\"53ab989\" data-element_type=\"widget\" data-widget_type=\"image.default\">\n\t\t\t\t<div class=\"elementor-widget-container\">\n\t\t\t<style>\/*! elementor - v3.18.0 - 20-12-2023 *\/\n.elementor-widget-image{text-align:center}.elementor-widget-image a{display:inline-block}.elementor-widget-image a img[src$=\".svg\"]{width:48px}.elementor-widget-image img{vertical-align:middle;display:inline-block}<\/style>\t\t\t\t\t\t\t\t\t\t\t\t\t<a href=\"https:\/\/davidberaha.com\/en\/musik\/\">\n\t\t\t\t\t\t\t<img decoding=\"async\" width=\"150\" height=\"150\" src=\"https:\/\/davidberaha.com\/wp-content\/uploads\/2023\/01\/DSCF0906-150x150.jpg\" class=\"attachment-thumbnail size-thumbnail wp-image-1923\" alt=\"\" \/>\t\t\t\t\t\t\t\t<\/a>\n\t\t\t\t\t\t\t\t\t\t\t\t\t\t\t<\/div>\n\t\t\t\t<\/div>\n\t\t\t\t<div class=\"elementor-element elementor-element-4dea650 elementor-widget elementor-widget-heading\" data-id=\"4dea650\" data-element_type=\"widget\" data-widget_type=\"heading.default\">\n\t\t\t\t<div class=\"elementor-widget-container\">\n\t\t\t<h4 class=\"elementor-heading-title elementor-size-default\"><a href=\"https:\/\/davidberaha.com\/en\/musik\/\">Music<\/a><\/h4>\t\t<\/div>\n\t\t\t\t<\/div>\n\t\t\t\t<div class=\"elementor-element elementor-element-b5ddd55 elementor-widget elementor-widget-text-editor\" data-id=\"b5ddd55\" data-element_type=\"widget\" data-widget_type=\"text-editor.default\">\n\t\t\t\t<div class=\"elementor-widget-container\">\n\t\t\t<style>\/*! elementor - v3.18.0 - 20-12-2023 *\/\n.elementor-widget-text-editor.elementor-drop-cap-view-stacked .elementor-drop-cap{background-color:#69727d;color:#fff}.elementor-widget-text-editor.elementor-drop-cap-view-framed .elementor-drop-cap{color:#69727d;border:3px solid;background-color:transparent}.elementor-widget-text-editor:not(.elementor-drop-cap-view-default) .elementor-drop-cap{margin-top:8px}.elementor-widget-text-editor:not(.elementor-drop-cap-view-default) .elementor-drop-cap-letter{width:1em;height:1em}.elementor-widget-text-editor .elementor-drop-cap{float:left;text-align:center;line-height:1;font-size:50px}.elementor-widget-text-editor .elementor-drop-cap-letter{display:inline-block}<\/style>\t\t\t\t<p>As an experienced drummer I look back on a lot of studio work, teaching, as well as live performances. Here you can find my current and past band projects, information about drum lessons and a contact form, in case you are interested in booking drum lessons.<\/p>\t\t\t\t\t\t<\/div>\n\t\t\t\t<\/div>\n\t\t\t\t\t<\/div>\n\t\t<\/div>\n\t\t\t\t<div class=\"elementor-column elementor-col-25 elementor-top-column elementor-element elementor-element-a4b2aab\" data-id=\"a4b2aab\" data-element_type=\"column\">\n\t\t\t<div class=\"elementor-widget-wrap elementor-element-populated\">\n\t\t\t\t\t\t\t\t<div class=\"elementor-element elementor-element-83d3bf2 elementor-widget elementor-widget-image\" data-id=\"83d3bf2\" data-element_type=\"widget\" data-widget_type=\"image.default\">\n\t\t\t\t<div class=\"elementor-widget-container\">\n\t\t\t\t\t\t\t\t\t\t\t\t\t\t\t\t<a href=\"https:\/\/davidberaha.com\/en\/spiele-entwicklung\/\">\n\t\t\t\t\t\t\t<img decoding=\"async\" width=\"150\" height=\"150\" src=\"https:\/\/davidberaha.com\/wp-content\/uploads\/2023\/01\/Mental-Games-Logo-150x150.png\" class=\"attachment-thumbnail size-thumbnail wp-image-2051\" alt=\"\" srcset=\"https:\/\/davidberaha.com\/wp-content\/uploads\/2023\/01\/Mental-Games-Logo-150x150.png 150w, https:\/\/davidberaha.com\/wp-content\/uploads\/2023\/01\/Mental-Games-Logo-300x300.png 300w, https:\/\/davidberaha.com\/wp-content\/uploads\/2023\/01\/Mental-Games-Logo-1024x1024.png 1024w, https:\/\/davidberaha.com\/wp-content\/uploads\/2023\/01\/Mental-Games-Logo-768x768.png 768w, https:\/\/davidberaha.com\/wp-content\/uploads\/2023\/01\/Mental-Games-Logo-1536x1536.png 1536w, https:\/\/davidberaha.com\/wp-content\/uploads\/2023\/01\/Mental-Games-Logo.png 1999w\" sizes=\"(max-width: 150px) 100vw, 150px\" \/>\t\t\t\t\t\t\t\t<\/a>\n\t\t\t\t\t\t\t\t\t\t\t\t\t\t\t<\/div>\n\t\t\t\t<\/div>\n\t\t\t\t<div class=\"elementor-element elementor-element-14b01c6 elementor-widget elementor-widget-heading\" data-id=\"14b01c6\" data-element_type=\"widget\" data-widget_type=\"heading.default\">\n\t\t\t\t<div class=\"elementor-widget-container\">\n\t\t\t<h4 class=\"elementor-heading-title elementor-size-default\"><a href=\"https:\/\/davidberaha.com\/en\/spiele-entwicklung\/\">Game Design<\/a><\/h4>\t\t<\/div>\n\t\t\t\t<\/div>\n\t\t\t\t<div class=\"elementor-element elementor-element-f55e44c elementor-widget elementor-widget-text-editor\" data-id=\"f55e44c\" data-element_type=\"widget\" data-widget_type=\"text-editor.default\">\n\t\t\t\t<div class=\"elementor-widget-container\">\n\t\t\t\t\t\t\t<p><span style=\"font-weight: 400;\">As a graphic and story designer, I gained experience in the independent game development team \"Mental Games\". In the small team I was involved in the development of some point &amp; click adventure and arcade games and I'm looking forward to our next projects.<\/span><\/p>\t\t\t\t\t\t<\/div>\n\t\t\t\t<\/div>\n\t\t\t\t\t<\/div>\n\t\t<\/div>\n\t\t\t\t<div class=\"elementor-column elementor-col-25 elementor-top-column elementor-element elementor-element-b7ff6b9\" data-id=\"b7ff6b9\" data-element_type=\"column\">\n\t\t\t<div class=\"elementor-widget-wrap elementor-element-populated\">\n\t\t\t\t\t\t\t\t<div class=\"elementor-element elementor-element-40f27ed elementor-widget elementor-widget-image\" data-id=\"40f27ed\" data-element_type=\"widget\" data-widget_type=\"image.default\">\n\t\t\t\t<div class=\"elementor-widget-container\">\n\t\t\t\t\t\t\t\t\t\t\t\t\t\t\t\t<a href=\"https:\/\/davidberaha.com\/en\/fotografie\/\">\n\t\t\t\t\t\t\t<img decoding=\"async\" width=\"150\" height=\"150\" src=\"https:\/\/davidberaha.com\/wp-content\/uploads\/2023\/01\/DSCF0036-150x150.jpg\" class=\"attachment-thumbnail size-thumbnail wp-image-2052\" alt=\"\" \/>\t\t\t\t\t\t\t\t<\/a>\n\t\t\t\t\t\t\t\t\t\t\t\t\t\t\t<\/div>\n\t\t\t\t<\/div>\n\t\t\t\t<div class=\"elementor-element elementor-element-b63a8c8 elementor-widget elementor-widget-heading\" data-id=\"b63a8c8\" data-element_type=\"widget\" data-widget_type=\"heading.default\">\n\t\t\t\t<div class=\"elementor-widget-container\">\n\t\t\t<h4 class=\"elementor-heading-title elementor-size-default\"><a href=\"https:\/\/davidberaha.com\/en\/fotografie\/\">Photography<\/a><\/h4>\t\t<\/div>\n\t\t\t\t<\/div>\n\t\t\t\t<div class=\"elementor-element elementor-element-8e4ba4f elementor-widget elementor-widget-text-editor\" data-id=\"8e4ba4f\" data-element_type=\"widget\" data-widget_type=\"text-editor.default\">\n\t\t\t\t<div class=\"elementor-widget-container\">\n\t\t\t\t\t\t\t<p>My interest in graphic design started at an early age. Now I am also delving into the art form of photography. Here you will find a small portfolio of selected photos.<\/p>\t\t\t\t\t\t<\/div>\n\t\t\t\t<\/div>\n\t\t\t\t\t<\/div>\n\t\t<\/div>\n\t\t\t\t<div class=\"elementor-column elementor-col-25 elementor-top-column elementor-element elementor-element-f8352c5\" data-id=\"f8352c5\" data-element_type=\"column\">\n\t\t\t<div class=\"elementor-widget-wrap elementor-element-populated\">\n\t\t\t\t\t\t\t\t<div class=\"elementor-element elementor-element-00d516a elementor-widget elementor-widget-image\" data-id=\"00d516a\" data-element_type=\"widget\" data-widget_type=\"image.default\">\n\t\t\t\t<div class=\"elementor-widget-container\">\n\t\t\t\t\t\t\t\t\t\t\t\t\t\t\t\t<a href=\"https:\/\/davidberaha.com\/en\/wissenschaft\/\">\n\t\t\t\t\t\t\t<img loading=\"lazy\" decoding=\"async\" width=\"150\" height=\"150\" src=\"https:\/\/davidberaha.com\/wp-content\/uploads\/2023\/01\/IMG_0825-150x150.jpg\" class=\"attachment-thumbnail size-thumbnail wp-image-2048\" alt=\"\" \/>\t\t\t\t\t\t\t\t<\/a>\n\t\t\t\t\t\t\t\t\t\t\t\t\t\t\t<\/div>\n\t\t\t\t<\/div>\n\t\t\t\t<div class=\"elementor-element elementor-element-5774235 elementor-widget elementor-widget-heading\" data-id=\"5774235\" data-element_type=\"widget\" data-widget_type=\"heading.default\">\n\t\t\t\t<div class=\"elementor-widget-container\">\n\t\t\t<h4 class=\"elementor-heading-title elementor-size-default\"><a href=\"https:\/\/davidberaha.com\/en\/wissenschaft\/\">Science<\/a><\/h4>\t\t<\/div>\n\t\t\t\t<\/div>\n\t\t\t\t<div class=\"elementor-element elementor-element-87870da elementor-widget elementor-widget-text-editor\" data-id=\"87870da\" data-element_type=\"widget\" data-widget_type=\"text-editor.default\">\n\t\t\t\t<div class=\"elementor-widget-container\">\n\t\t\t\t\t\t\t<p>As a social and cultural anthropologist, I deal with social systems, as well as theory and history of science. Through my studies of human-animal interaction, this complex relationship is also a topic of scientific interest to me.<\/p>\t\t\t\t\t\t<\/div>\n\t\t\t\t<\/div>\n\t\t\t\t\t<\/div>\n\t\t<\/div>\n\t\t\t\t\t\t\t<\/div>\n\t\t<\/section>\n\t\t\t\t\t\t\t<\/div>","protected":false},"excerpt":{"rendered":"<p>David Beraha K\u00fcnstler &amp; Wissenschaftler Kontakt \u00dcber Mich Musik Als erfahrener Schlagzeuger blicke ich auf viel Studioarbeit, Lehrerfahrung sowie Live-Auftritte zur\u00fcck. Hier findest Du meine aktuellen und vergangenen Band Projekte und Informationen \u00fcber Schlagzeugunterricht, sowie ein Kontakt-Formular, um Schlagzeugstunden zu vereinbaren. Spiele Entwicklung Als Grafiker und Story Designer habe ich Erfahrung im unabh\u00e4ngigen Spiele Entwicklungsteam &hellip;<\/p>\n<p class=\"read-more\"> <a class=\"\" href=\"https:\/\/davidberaha.com\/en\/\"> <span class=\"screen-reader-text\">Home<\/span> Read More &raquo;<\/a><\/p>","protected":false},"author":1,"featured_media":0,"parent":0,"menu_order":0,"comment_status":"closed","ping_status":"closed","template":"","meta":{"site-sidebar-layout":"no-sidebar","site-content-layout":"page-builder","ast-global-header-display":"","ast-main-header-display":"","ast-hfb-above-header-display":"","ast-hfb-below-header-display":"","ast-hfb-mobile-header-display":"","site-post-title":"disabled","ast-breadcrumbs-content":"","ast-featured-img":"disabled","footer-sml-layout":"","theme-transparent-header-meta":"enabled","adv-header-id-meta":"","stick-header-meta":"","header-above-stick-meta":"","header-main-stick-meta":"","header-below-stick-meta":"","footnotes":""},"class_list":["post-1448","page","type-page","status-publish","hentry"],"yoast_head":"<!-- This site is optimized with the Yoast SEO plugin v27.3 - https:\/\/yoast.com\/product\/yoast-seo-wordpress\/ -->\n<title>Home - David Beraha<\/title>\n<meta name=\"robots\" content=\"index, follow, max-snippet:-1, max-image-preview:large, max-video-preview:-1\" \/>\n<link rel=\"canonical\" href=\"https:\/\/davidberaha.com\/en\/\" \/>\n<meta property=\"og:locale\" content=\"en_US\" \/>\n<meta property=\"og:type\" content=\"article\" \/>\n<meta property=\"og:title\" content=\"Home - David Beraha\" \/>\n<meta property=\"og:description\" content=\"David Beraha K\u00fcnstler &amp; Wissenschaftler Kontakt \u00dcber Mich Musik Als erfahrener Schlagzeuger blicke ich auf viel Studioarbeit, Lehrerfahrung sowie Live-Auftritte zur\u00fcck. Hier findest Du meine aktuellen und vergangenen Band Projekte und Informationen \u00fcber Schlagzeugunterricht, sowie ein Kontakt-Formular, um Schlagzeugstunden zu vereinbaren. Spiele Entwicklung Als Grafiker und Story Designer habe ich Erfahrung im unabh\u00e4ngigen Spiele Entwicklungsteam &hellip; Home Read More &raquo;\" \/>\n<meta property=\"og:url\" content=\"https:\/\/davidberaha.com\/en\/\" \/>\n<meta property=\"og:site_name\" content=\"David Beraha\" \/>\n<meta property=\"article:publisher\" content=\"https:\/\/www.facebook.com\/PhunkyDee\" \/>\n<meta property=\"article:modified_time\" content=\"2023-02-06T10:43:35+00:00\" \/>\n<meta property=\"og:image\" content=\"https:\/\/davidberaha.com\/wp-content\/uploads\/2023\/01\/DSCF0906-150x150.jpg\" \/>\n<meta name=\"twitter:card\" content=\"summary_large_image\" \/>\n<meta name=\"twitter:label1\" content=\"Est. reading time\" \/>\n\t<meta name=\"twitter:data1\" content=\"2 minutes\" \/>\n<script type=\"application\/ld+json\" class=\"yoast-schema-graph\">{\"@context\":\"https:\\\/\\\/schema.org\",\"@graph\":[{\"@type\":\"WebPage\",\"@id\":\"https:\\\/\\\/davidberaha.com\\\/\",\"url\":\"https:\\\/\\\/davidberaha.com\\\/\",\"name\":\"Home - David Beraha\",\"isPartOf\":{\"@id\":\"https:\\\/\\\/davidberaha.com\\\/#website\"},\"primaryImageOfPage\":{\"@id\":\"https:\\\/\\\/davidberaha.com\\\/#primaryimage\"},\"image\":{\"@id\":\"https:\\\/\\\/davidberaha.com\\\/#primaryimage\"},\"thumbnailUrl\":\"https:\\\/\\\/davidberaha.com\\\/wp-content\\\/uploads\\\/2023\\\/01\\\/DSCF0906-150x150.jpg\",\"datePublished\":\"2022-08-25T13:27:00+00:00\",\"dateModified\":\"2023-02-06T10:43:35+00:00\",\"breadcrumb\":{\"@id\":\"https:\\\/\\\/davidberaha.com\\\/#breadcrumb\"},\"inLanguage\":\"en-US\",\"potentialAction\":[{\"@type\":\"ReadAction\",\"target\":[\"https:\\\/\\\/davidberaha.com\\\/\"]}]},{\"@type\":\"ImageObject\",\"inLanguage\":\"en-US\",\"@id\":\"https:\\\/\\\/davidberaha.com\\\/#primaryimage\",\"url\":\"https:\\\/\\\/davidberaha.com\\\/wp-content\\\/uploads\\\/2023\\\/01\\\/DSCF0906-150x150.jpg\",\"contentUrl\":\"https:\\\/\\\/davidberaha.com\\\/wp-content\\\/uploads\\\/2023\\\/01\\\/DSCF0906-150x150.jpg\"},{\"@type\":\"BreadcrumbList\",\"@id\":\"https:\\\/\\\/davidberaha.com\\\/#breadcrumb\",\"itemListElement\":[{\"@type\":\"ListItem\",\"position\":1,\"name\":\"Startseite\",\"item\":\"https:\\\/\\\/davidberaha.com\\\/\"},{\"@type\":\"ListItem\",\"position\":2,\"name\":\"Home\"}]},{\"@type\":\"WebSite\",\"@id\":\"https:\\\/\\\/davidberaha.com\\\/#website\",\"url\":\"https:\\\/\\\/davidberaha.com\\\/\",\"name\":\"David Beraha\",\"description\":\"\",\"publisher\":{\"@id\":\"https:\\\/\\\/davidberaha.com\\\/#\\\/schema\\\/person\\\/3437f6eed119b3cb790afba7ff5dc7c1\"},\"potentialAction\":[{\"@type\":\"SearchAction\",\"target\":{\"@type\":\"EntryPoint\",\"urlTemplate\":\"https:\\\/\\\/davidberaha.com\\\/?s={search_term_string}\"},\"query-input\":{\"@type\":\"PropertyValueSpecification\",\"valueRequired\":true,\"valueName\":\"search_term_string\"}}],\"inLanguage\":\"en-US\"},{\"@type\":[\"Person\",\"Organization\"],\"@id\":\"https:\\\/\\\/davidberaha.com\\\/#\\\/schema\\\/person\\\/3437f6eed119b3cb790afba7ff5dc7c1\",\"name\":\"David\",\"image\":{\"@type\":\"ImageObject\",\"inLanguage\":\"en-US\",\"@id\":\"https:\\\/\\\/davidberaha.com\\\/wp-content\\\/uploads\\\/2023\\\/01\\\/cropped-Passfoto_20190415_WU-Wien_David-Beraha.jpg\",\"url\":\"https:\\\/\\\/davidberaha.com\\\/wp-content\\\/uploads\\\/2023\\\/01\\\/cropped-Passfoto_20190415_WU-Wien_David-Beraha.jpg\",\"contentUrl\":\"https:\\\/\\\/davidberaha.com\\\/wp-content\\\/uploads\\\/2023\\\/01\\\/cropped-Passfoto_20190415_WU-Wien_David-Beraha.jpg\",\"width\":1656,\"height\":1636,\"caption\":\"David\"},\"logo\":{\"@id\":\"https:\\\/\\\/davidberaha.com\\\/wp-content\\\/uploads\\\/2023\\\/01\\\/cropped-Passfoto_20190415_WU-Wien_David-Beraha.jpg\"},\"sameAs\":[\"https:\\\/\\\/davidberaha.com\",\"https:\\\/\\\/www.facebook.com\\\/PhunkyDee\",\"https:\\\/\\\/www.instagram.com\\\/david_beraha\\\/\",\"https:\\\/\\\/www.linkedin.com\\\/in\\\/david-beraha-1b6a09107\"]}]}<\/script>\n<!-- \/ Yoast SEO plugin. -->","yoast_head_json":{"title":"Home - David Beraha","robots":{"index":"index","follow":"follow","max-snippet":"max-snippet:-1","max-image-preview":"max-image-preview:large","max-video-preview":"max-video-preview:-1"},"canonical":"https:\/\/davidberaha.com\/en\/","og_locale":"en_US","og_type":"article","og_title":"Home - David Beraha","og_description":"David Beraha K\u00fcnstler &amp; Wissenschaftler Kontakt \u00dcber Mich Musik Als erfahrener Schlagzeuger blicke ich auf viel Studioarbeit, Lehrerfahrung sowie Live-Auftritte zur\u00fcck. Hier findest Du meine aktuellen und vergangenen Band Projekte und Informationen \u00fcber Schlagzeugunterricht, sowie ein Kontakt-Formular, um Schlagzeugstunden zu vereinbaren. Spiele Entwicklung Als Grafiker und Story Designer habe ich Erfahrung im unabh\u00e4ngigen Spiele Entwicklungsteam &hellip; Home Read More &raquo;","og_url":"https:\/\/davidberaha.com\/en\/","og_site_name":"David Beraha","article_publisher":"https:\/\/www.facebook.com\/PhunkyDee","article_modified_time":"2023-02-06T10:43:35+00:00","og_image":[{"url":"https:\/\/davidberaha.com\/wp-content\/uploads\/2023\/01\/DSCF0906-150x150.jpg","type":"","width":"","height":""}],"twitter_card":"summary_large_image","twitter_misc":{"Est. reading time":"2 minutes"},"schema":{"@context":"https:\/\/schema.org","@graph":[{"@type":"WebPage","@id":"https:\/\/davidberaha.com\/","url":"https:\/\/davidberaha.com\/","name":"Home - David Beraha","isPartOf":{"@id":"https:\/\/davidberaha.com\/#website"},"primaryImageOfPage":{"@id":"https:\/\/davidberaha.com\/#primaryimage"},"image":{"@id":"https:\/\/davidberaha.com\/#primaryimage"},"thumbnailUrl":"https:\/\/davidberaha.com\/wp-content\/uploads\/2023\/01\/DSCF0906-150x150.jpg","datePublished":"2022-08-25T13:27:00+00:00","dateModified":"2023-02-06T10:43:35+00:00","breadcrumb":{"@id":"https:\/\/davidberaha.com\/#breadcrumb"},"inLanguage":"en-US","potentialAction":[{"@type":"ReadAction","target":["https:\/\/davidberaha.com\/"]}]},{"@type":"ImageObject","inLanguage":"en-US","@id":"https:\/\/davidberaha.com\/#primaryimage","url":"https:\/\/davidberaha.com\/wp-content\/uploads\/2023\/01\/DSCF0906-150x150.jpg","contentUrl":"https:\/\/davidberaha.com\/wp-content\/uploads\/2023\/01\/DSCF0906-150x150.jpg"},{"@type":"BreadcrumbList","@id":"https:\/\/davidberaha.com\/#breadcrumb","itemListElement":[{"@type":"ListItem","position":1,"name":"Startseite","item":"https:\/\/davidberaha.com\/"},{"@type":"ListItem","position":2,"name":"Home"}]},{"@type":"WebSite","@id":"https:\/\/davidberaha.com\/#website","url":"https:\/\/davidberaha.com\/","name":"David Beraha","description":"","publisher":{"@id":"https:\/\/davidberaha.com\/#\/schema\/person\/3437f6eed119b3cb790afba7ff5dc7c1"},"potentialAction":[{"@type":"SearchAction","target":{"@type":"EntryPoint","urlTemplate":"https:\/\/davidberaha.com\/?s={search_term_string}"},"query-input":{"@type":"PropertyValueSpecification","valueRequired":true,"valueName":"search_term_string"}}],"inLanguage":"en-US"},{"@type":["Person","Organization"],"@id":"https:\/\/davidberaha.com\/#\/schema\/person\/3437f6eed119b3cb790afba7ff5dc7c1","name":"David","image":{"@type":"ImageObject","inLanguage":"en-US","@id":"https:\/\/davidberaha.com\/wp-content\/uploads\/2023\/01\/cropped-Passfoto_20190415_WU-Wien_David-Beraha.jpg","url":"https:\/\/davidberaha.com\/wp-content\/uploads\/2023\/01\/cropped-Passfoto_20190415_WU-Wien_David-Beraha.jpg","contentUrl":"https:\/\/davidberaha.com\/wp-content\/uploads\/2023\/01\/cropped-Passfoto_20190415_WU-Wien_David-Beraha.jpg","width":1656,"height":1636,"caption":"David"},"logo":{"@id":"https:\/\/davidberaha.com\/wp-content\/uploads\/2023\/01\/cropped-Passfoto_20190415_WU-Wien_David-Beraha.jpg"},"sameAs":["https:\/\/davidberaha.com","https:\/\/www.facebook.com\/PhunkyDee","https:\/\/www.instagram.com\/david_beraha\/","https:\/\/www.linkedin.com\/in\/david-beraha-1b6a09107"]}]}},"_links":{"self":[{"href":"https:\/\/davidberaha.com\/en\/wp-json\/wp\/v2\/pages\/1448","targetHints":{"allow":["GET"]}}],"collection":[{"href":"https:\/\/davidberaha.com\/en\/wp-json\/wp\/v2\/pages"}],"about":[{"href":"https:\/\/davidberaha.com\/en\/wp-json\/wp\/v2\/types\/page"}],"author":[{"embeddable":true,"href":"https:\/\/davidberaha.com\/en\/wp-json\/wp\/v2\/users\/1"}],"replies":[{"embeddable":true,"href":"https:\/\/davidberaha.com\/en\/wp-json\/wp\/v2\/comments?post=1448"}],"version-history":[{"count":79,"href":"https:\/\/davidberaha.com\/en\/wp-json\/wp\/v2\/pages\/1448\/revisions"}],"predecessor-version":[{"id":2871,"href":"https:\/\/davidberaha.com\/en\/wp-json\/wp\/v2\/pages\/1448\/revisions\/2871"}],"wp:attachment":[{"href":"https:\/\/davidberaha.com\/en\/wp-json\/wp\/v2\/media?parent=1448"}],"curies":[{"name":"wp","href":"https:\/\/api.w.org\/{rel}","templated":true}]}}